{"id":2145,"date":"2022-07-20T07:45:39","date_gmt":"2022-07-20T07:45:39","guid":{"rendered":"https:\/\/modinatheme.com\/energyland\/?page_id=2145"},"modified":"2023-12-21T14:19:49","modified_gmt":"2023-12-21T14:19:49","slug":"poljoprivredna-proizvodnja","status":"publish","type":"page","link":"https:\/\/bojen.rs\/en\/poljoprivredna-proizvodnja\/","title":{"rendered":"Agricultural Production"},"content":{"rendered":"<div data-elementor-type=\"wp-page\" data-elementor-id=\"2145\" class=\"elementor elementor-2145\">\n\t\t\t\t\t\t\t\t\t<section class=\"elementor-section elementor-top-section elementor-element elementor-element-0e13cf1 elementor-section-full_width elementor-section-stretched elementor-section-height-default elementor-section-height-default\" data-id=\"0e13cf1\" data-element_type=\"section\" data-settings=\"{&quot;stretch_section&quot;:&quot;section-stretched&quot;,&quot;background_background&quot;:&quot;slideshow&quot;,&quot;background_slideshow_gallery&quot;:[{&quot;id&quot;:3817,&quot;url&quot;:&quot;https:\\\/\\\/bojen.rs\\\/wp-content\\\/uploads\\\/2023\\\/12\\\/shutterstock_2083392067-e1662025486105-1000x560-1.jpg&quot;},{&quot;id&quot;:3956,&quot;url&quot;:&quot;https:\\\/\\\/bojen.rs\\\/wp-content\\\/uploads\\\/2023\\\/12\\\/dodati-negde-kod-poljoprivrede.jpg&quot;}],&quot;background_slideshow_loop&quot;:&quot;yes&quot;,&quot;background_slideshow_slide_duration&quot;:5000,&quot;background_slideshow_slide_transition&quot;:&quot;fade&quot;,&quot;background_slideshow_transition_duration&quot;:500}\">\n\t\t\t\t\t\t\t<div class=\"elementor-background-overlay\"><\/div>\n\t\t\t\t\t\t\t<div class=\"elementor-container elementor-column-gap-default\">\n\t\t\t\t\t<div class=\"elementor-column elementor-col-100 elementor-top-column elementor-element elementor-element-65e85cd\" data-id=\"65e85cd\" data-element_type=\"column\">\n\t\t\t<div class=\"elementor-widget-wrap elementor-element-populated\">\n\t\t\t\t\t\t\t\t<div class=\"elementor-element elementor-element-359404b elementor-widget elementor-widget-heading\" data-id=\"359404b\" data-element_type=\"widget\" data-widget_type=\"heading.default\">\n\t\t\t\t<div class=\"elementor-widget-container\">\n\t\t\t<style>\/*! elementor - v3.18.0 - 08-12-2023 *\/\n.elementor-heading-title{padding:0;margin:0;line-height:1}.elementor-widget-heading .elementor-heading-title[class*=elementor-size-]>a{color:inherit;font-size:inherit;line-height:inherit}.elementor-widget-heading .elementor-heading-title.elementor-size-small{font-size:15px}.elementor-widget-heading .elementor-heading-title.elementor-size-medium{font-size:19px}.elementor-widget-heading .elementor-heading-title.elementor-size-large{font-size:29px}.elementor-widget-heading .elementor-heading-title.elementor-size-xl{font-size:39px}.elementor-widget-heading .elementor-heading-title.elementor-size-xxl{font-size:59px}<\/style><h2 class=\"elementor-heading-title elementor-size-default\">Agricultural Production<\/h2>\t\t<\/div>\n\t\t\t\t<\/div>\n\t\t\t\t\t<\/div>\n\t\t<\/div>\n\t\t\t\t\t\t\t<\/div>\n\t\t<\/section>\n\t\t\t\t<section class=\"elementor-section elementor-top-section elementor-element elementor-element-9696806 elementor-section-boxed elementor-section-height-default elementor-section-height-default\" data-id=\"9696806\" data-element_type=\"section\" data-settings=\"{&quot;background_background&quot;:&quot;classic&quot;}\">\n\t\t\t\t\t\t<div class=\"elementor-container elementor-column-gap-default\">\n\t\t\t\t\t<div class=\"elementor-column elementor-col-100 elementor-top-column elementor-element elementor-element-7cd30e1\" data-id=\"7cd30e1\" data-element_type=\"column\">\n\t\t\t<div class=\"elementor-widget-wrap elementor-element-populated\">\n\t\t\t\t\t\t\t\t<div class=\"elementor-element elementor-element-1e5a7de elementor-widget elementor-widget-modina_section_title\" data-id=\"1e5a7de\" data-element_type=\"widget\" data-widget_type=\"modina_section_title.default\">\n\t\t\t\t<div class=\"elementor-widget-container\">\n\t\t\t\r\n        <div class=\"block-contents text-center\">\r\n        <div class=\"section-title\">\r\n            <h5 class=\"text-center\">BojEn<\/h5>\r\n            <span><\/span>\r\n            <h2>Agricultural <span>Production<\/span><\/h2>\r\n        <\/div>\r\n            <\/div>\r\n    \r\n    \t\t<\/div>\n\t\t\t\t<\/div>\n\t\t\t\t<section class=\"elementor-section elementor-inner-section elementor-element elementor-element-b67e3ba elementor-section-full_width elementor-section-height-default elementor-section-height-default\" data-id=\"b67e3ba\" data-element_type=\"section\">\n\t\t\t\t\t\t<div class=\"elementor-container elementor-column-gap-default\">\n\t\t\t\t\t<div class=\"elementor-column elementor-col-33 elementor-inner-column elementor-element elementor-element-3f06f52\" data-id=\"3f06f52\" data-element_type=\"column\">\n\t\t\t<div class=\"elementor-widget-wrap elementor-element-populated\">\n\t\t\t\t\t\t\t\t<div class=\"elementor-element elementor-element-642f87d elementor-view-stacked elementor-position-left elementor-shape-circle elementor-mobile-position-top elementor-vertical-align-top elementor-widget elementor-widget-icon-box\" data-id=\"642f87d\" data-element_type=\"widget\" data-widget_type=\"icon-box.default\">\n\t\t\t\t<div class=\"elementor-widget-container\">\n\t\t\t<link rel=\"stylesheet\" href=\"https:\/\/bojen.rs\/wp-content\/plugins\/elementor\/assets\/css\/widget-icon-box.min.css\">\t\t<div class=\"elementor-icon-box-wrapper\">\n\t\t\t\t\t\t<div class=\"elementor-icon-box-icon\">\n\t\t\t\t<span  class=\"elementor-icon elementor-animation-\">\n\t\t\t\t<svg aria-hidden=\"true\" class=\"e-font-icon-svg e-far-lightbulb\" viewbox=\"0 0 352 512\" xmlns=\"http:\/\/www.w3.org\/2000\/svg\"><path d=\"M176 80c-52.94 0-96 43.06-96 96 0 8.84 7.16 16 16 16s16-7.16 16-16c0-35.3 28.72-64 64-64 8.84 0 16-7.16 16-16s-7.16-16-16-16zM96.06 459.17c0 3.15.93 6.22 2.68 8.84l24.51 36.84c2.97 4.46 7.97 7.14 13.32 7.14h78.85c5.36 0 10.36-2.68 13.32-7.14l24.51-36.84c1.74-2.62 2.67-5.7 2.68-8.84l.05-43.18H96.02l.04 43.18zM176 0C73.72 0 0 82.97 0 176c0 44.37 16.45 84.85 43.56 115.78 16.64 18.99 42.74 58.8 52.42 92.16v.06h48v-.12c-.01-4.77-.72-9.51-2.15-14.07-5.59-17.81-22.82-64.77-62.17-109.67-20.54-23.43-31.52-53.15-31.61-84.14-.2-73.64 59.67-128 127.95-128 70.58 0 128 57.42 128 128 0 30.97-11.24 60.85-31.65 84.14-39.11 44.61-56.42 91.47-62.1 109.46a47.507 47.507 0 0 0-2.22 14.3v.1h48v-.05c9.68-33.37 35.78-73.18 52.42-92.16C335.55 260.85 352 220.37 352 176 352 78.8 273.2 0 176 0z\"><\/path><\/svg>\t\t\t\t<\/span>\n\t\t\t<\/div>\n\t\t\t\t\t\t<div class=\"elementor-icon-box-content\">\n\t\t\t\t<h5 class=\"elementor-icon-box-title\">\n\t\t\t\t\t<span  >\n\t\t\t\t\t\tTotal Agricultural Land Area (owned or leased) 597 ha\t\t\t\t\t<\/span>\n\t\t\t\t<\/h5>\n\t\t\t\t\t\t\t<\/div>\n\t\t<\/div>\n\t\t\t\t<\/div>\n\t\t\t\t<\/div>\n\t\t\t\t<div class=\"elementor-element elementor-element-ec94db6 elementor-view-stacked elementor-position-left elementor-shape-circle elementor-mobile-position-top elementor-vertical-align-top elementor-widget elementor-widget-icon-box\" data-id=\"ec94db6\" data-element_type=\"widget\" data-widget_type=\"icon-box.default\">\n\t\t\t\t<div class=\"elementor-widget-container\">\n\t\t\t\t\t<div class=\"elementor-icon-box-wrapper\">\n\t\t\t\t\t\t<div class=\"elementor-icon-box-icon\">\n\t\t\t\t<span  class=\"elementor-icon elementor-animation-\">\n\t\t\t\t<svg aria-hidden=\"true\" class=\"e-font-icon-svg e-fas-solar-panel\" viewbox=\"0 0 640 512\" xmlns=\"http:\/\/www.w3.org\/2000\/svg\"><path d=\"M431.98 448.01l-47.97.05V416h-128v32.21l-47.98.05c-8.82.01-15.97 7.16-15.98 15.99l-.05 31.73c-.01 8.85 7.17 16.03 16.02 16.02l223.96-.26c8.82-.01 15.97-7.16 15.98-15.98l.04-31.73c.01-8.85-7.17-16.03-16.02-16.02zM585.2 26.74C582.58 11.31 568.99 0 553.06 0H86.93C71 0 57.41 11.31 54.79 26.74-3.32 369.16.04 348.08.03 352c-.03 17.32 14.29 32 32.6 32h574.74c18.23 0 32.51-14.56 32.59-31.79.02-4.08 3.35 16.95-54.76-325.47zM259.83 64h120.33l9.77 96H250.06l9.77-96zm-75.17 256H71.09L90.1 208h105.97l-11.41 112zm16.29-160H98.24l16.29-96h96.19l-9.77 96zm32.82 160l11.4-112h149.65l11.4 112H233.77zm195.5-256h96.19l16.29 96H439.04l-9.77-96zm26.06 256l-11.4-112H549.9l19.01 112H455.33z\"><\/path><\/svg>\t\t\t\t<\/span>\n\t\t\t<\/div>\n\t\t\t\t\t\t<div class=\"elementor-icon-box-content\">\n\t\t\t\t<h5 class=\"elementor-icon-box-title\">\n\t\t\t\t\t<span  >\n\t\t\t\t\t\tCooperation with a Large Number of Cooperators from the Southern Region of Serbia\t\t\t\t\t<\/span>\n\t\t\t\t<\/h5>\n\t\t\t\t\t\t\t<\/div>\n\t\t<\/div>\n\t\t\t\t<\/div>\n\t\t\t\t<\/div>\n\t\t\t\t\t<\/div>\n\t\t<\/div>\n\t\t\t\t<div class=\"elementor-column elementor-col-33 elementor-inner-column elementor-element elementor-element-c421be9\" data-id=\"c421be9\" data-element_type=\"column\">\n\t\t\t<div class=\"elementor-widget-wrap elementor-element-populated\">\n\t\t\t\t\t\t\t\t<div class=\"elementor-element elementor-element-9e3b036 elementor-widget elementor-widget-image\" data-id=\"9e3b036\" data-element_type=\"widget\" data-widget_type=\"image.default\">\n\t\t\t\t<div class=\"elementor-widget-container\">\n\t\t\t<style>\/*! elementor - v3.18.0 - 08-12-2023 *\/\n.elementor-widget-image{text-align:center}.elementor-widget-image a{display:inline-block}.elementor-widget-image a img[src$=\".svg\"]{width:48px}.elementor-widget-image img{vertical-align:middle;display:inline-block}<\/style>\t\t\t\t\t\t\t\t\t\t\t\t<img fetchpriority=\"high\" decoding=\"async\" width=\"872\" height=\"826\" src=\"https:\/\/bojen.rs\/wp-content\/uploads\/2023\/12\/be2-01.png\" class=\"attachment-large size-large wp-image-3611\" alt=\"\" srcset=\"https:\/\/bojen.rs\/wp-content\/uploads\/2023\/12\/be2-01.png 872w, https:\/\/bojen.rs\/wp-content\/uploads\/2023\/12\/be2-01-300x284.png 300w, https:\/\/bojen.rs\/wp-content\/uploads\/2023\/12\/be2-01-768x727.png 768w\" sizes=\"(max-width: 872px) 100vw, 872px\" \/>\t\t\t\t\t\t\t\t\t\t\t\t\t\t\t<\/div>\n\t\t\t\t<\/div>\n\t\t\t\t\t<\/div>\n\t\t<\/div>\n\t\t\t\t<div class=\"elementor-column elementor-col-33 elementor-inner-column elementor-element elementor-element-830993b\" data-id=\"830993b\" data-element_type=\"column\">\n\t\t\t<div class=\"elementor-widget-wrap elementor-element-populated\">\n\t\t\t\t\t\t\t\t<div class=\"elementor-element elementor-element-0da8042 elementor-view-stacked elementor-position-left elementor-shape-circle elementor-mobile-position-top elementor-vertical-align-top elementor-widget elementor-widget-icon-box\" data-id=\"0da8042\" data-element_type=\"widget\" data-widget_type=\"icon-box.default\">\n\t\t\t\t<div class=\"elementor-widget-container\">\n\t\t\t\t\t<div class=\"elementor-icon-box-wrapper\">\n\t\t\t\t\t\t<div class=\"elementor-icon-box-icon\">\n\t\t\t\t<span  class=\"elementor-icon elementor-animation-\">\n\t\t\t\t<svg aria-hidden=\"true\" class=\"e-font-icon-svg e-fas-hourglass-half\" viewbox=\"0 0 384 512\" xmlns=\"http:\/\/www.w3.org\/2000\/svg\"><path d=\"M360 0H24C10.745 0 0 10.745 0 24v16c0 13.255 10.745 24 24 24 0 90.965 51.016 167.734 120.842 192C75.016 280.266 24 357.035 24 448c-13.255 0-24 10.745-24 24v16c0 13.255 10.745 24 24 24h336c13.255 0 24-10.745 24-24v-16c0-13.255-10.745-24-24-24 0-90.965-51.016-167.734-120.842-192C308.984 231.734 360 154.965 360 64c13.255 0 24-10.745 24-24V24c0-13.255-10.745-24-24-24zm-75.078 384H99.08c17.059-46.797 52.096-80 92.92-80 40.821 0 75.862 33.196 92.922 80zm.019-256H99.078C91.988 108.548 88 86.748 88 64h208c0 22.805-3.987 44.587-11.059 64z\"><\/path><\/svg>\t\t\t\t<\/span>\n\t\t\t<\/div>\n\t\t\t\t\t\t<div class=\"elementor-icon-box-content\">\n\t\t\t\t<h5 class=\"elementor-icon-box-title\">\n\t\t\t\t\t<span  >\n\t\t\t\t\t\tLand for the Production of Agro-Industrial Crops (corn, silage, etc.) \t\t\t\t\t<\/span>\n\t\t\t\t<\/h5>\n\t\t\t\t\t\t\t<\/div>\n\t\t<\/div>\n\t\t\t\t<\/div>\n\t\t\t\t<\/div>\n\t\t\t\t<div class=\"elementor-element elementor-element-2b75b94 elementor-view-stacked elementor-position-left elementor-shape-circle elementor-mobile-position-top elementor-vertical-align-top elementor-widget elementor-widget-icon-box\" data-id=\"2b75b94\" data-element_type=\"widget\" data-widget_type=\"icon-box.default\">\n\t\t\t\t<div class=\"elementor-widget-container\">\n\t\t\t\t\t<div class=\"elementor-icon-box-wrapper\">\n\t\t\t\t\t\t<div class=\"elementor-icon-box-icon\">\n\t\t\t\t<span  class=\"elementor-icon elementor-animation-\">\n\t\t\t\t<svg aria-hidden=\"true\" class=\"e-font-icon-svg e-fas-solar-panel\" viewbox=\"0 0 640 512\" xmlns=\"http:\/\/www.w3.org\/2000\/svg\"><path d=\"M431.98 448.01l-47.97.05V416h-128v32.21l-47.98.05c-8.82.01-15.97 7.16-15.98 15.99l-.05 31.73c-.01 8.85 7.17 16.03 16.02 16.02l223.96-.26c8.82-.01 15.97-7.16 15.98-15.98l.04-31.73c.01-8.85-7.17-16.03-16.02-16.02zM585.2 26.74C582.58 11.31 568.99 0 553.06 0H86.93C71 0 57.41 11.31 54.79 26.74-3.32 369.16.04 348.08.03 352c-.03 17.32 14.29 32 32.6 32h574.74c18.23 0 32.51-14.56 32.59-31.79.02-4.08 3.35 16.95-54.76-325.47zM259.83 64h120.33l9.77 96H250.06l9.77-96zm-75.17 256H71.09L90.1 208h105.97l-11.41 112zm16.29-160H98.24l16.29-96h96.19l-9.77 96zm32.82 160l11.4-112h149.65l11.4 112H233.77zm195.5-256h96.19l16.29 96H439.04l-9.77-96zm26.06 256l-11.4-112H549.9l19.01 112H455.33z\"><\/path><\/svg>\t\t\t\t<\/span>\n\t\t\t<\/div>\n\t\t\t\t\t\t<div class=\"elementor-icon-box-content\">\n\t\t\t\t<h5 class=\"elementor-icon-box-title\">\n\t\t\t\t\t<span  >\n\t\t\t\t\t\tCooperation with the Agricultural School in Leskovac\t\t\t\t\t<\/span>\n\t\t\t\t<\/h5>\n\t\t\t\t\t\t\t<\/div>\n\t\t<\/div>\n\t\t\t\t<\/div>\n\t\t\t\t<\/div>\n\t\t\t\t\t<\/div>\n\t\t<\/div>\n\t\t\t\t\t\t\t<\/div>\n\t\t<\/section>\n\t\t\t\t\t<\/div>\n\t\t<\/div>\n\t\t\t\t\t\t\t<\/div>\n\t\t<\/section>\n\t\t\t\t\t\t\t<\/div>","protected":false},"excerpt":{"rendered":"<p>Poljoprivredna proizvodnja BojEn Poljoprivredna proizvodnja Ukupna povr\u0161ina poljoprivrednog zemlji\u0161ta (u svojini ili zakupu) 597 ha Saradnja sa velikim brojem kooperanata sa teritorije juga Srbije Zemlji\u0161te za proizvodnju agroindustrijskih biljaka (kukuruza, sila\u017ee i dr.) Saradnja sa poljoprivrednom \u0161kolom Leskovac<\/p>","protected":false},"author":1,"featured_media":0,"parent":0,"menu_order":0,"comment_status":"closed","ping_status":"closed","template":"elementor_header_footer","meta":{"footnotes":""},"class_list":["post-2145","page","type-page","status-publish","hentry"],"yoast_head":"<!-- This site is optimized with the Yoast SEO plugin v23.3 - https:\/\/yoast.com\/wordpress\/plugins\/seo\/ -->\n<title>Poljoprivredna proizvodnja - BOJEN DOO<\/title>\n<meta name=\"robots\" content=\"index, follow, max-snippet:-1, max-image-preview:large, max-video-preview:-1\" \/>\n<link rel=\"canonical\" href=\"https:\/\/bojen.rs\/en\/poljoprivredna-proizvodnja\/\" \/>\n<meta property=\"og:locale\" content=\"en_GB\" \/>\n<meta property=\"og:type\" content=\"article\" \/>\n<meta property=\"og:title\" content=\"Poljoprivredna proizvodnja - BOJEN DOO\" \/>\n<meta property=\"og:description\" content=\"Poljoprivredna proizvodnja BojEn Poljoprivredna proizvodnja Ukupna povr\u0161ina poljoprivrednog zemlji\u0161ta (u svojini ili zakupu) 597 ha Saradnja sa velikim brojem kooperanata sa teritorije juga Srbije Zemlji\u0161te za proizvodnju agroindustrijskih biljaka (kukuruza, sila\u017ee i dr.) Saradnja sa poljoprivrednom \u0161kolom Leskovac\" \/>\n<meta property=\"og:url\" content=\"https:\/\/bojen.rs\/en\/poljoprivredna-proizvodnja\/\" \/>\n<meta property=\"og:site_name\" content=\"BOJEN DOO\" \/>\n<meta property=\"article:modified_time\" content=\"2023-12-21T14:19:49+00:00\" \/>\n<meta property=\"og:image\" content=\"https:\/\/bojen.rs\/wp-content\/uploads\/2023\/12\/be2-01.png\" \/>\n<meta name=\"twitter:card\" content=\"summary_large_image\" \/>\n<script type=\"application\/ld+json\" class=\"yoast-schema-graph\">{\"@context\":\"https:\/\/schema.org\",\"@graph\":[{\"@type\":\"WebPage\",\"@id\":\"https:\/\/bojen.rs\/poljoprivredna-proizvodnja\/\",\"url\":\"https:\/\/bojen.rs\/poljoprivredna-proizvodnja\/\",\"name\":\"Poljoprivredna proizvodnja - BOJEN DOO\",\"isPartOf\":{\"@id\":\"https:\/\/bojen.rs\/#website\"},\"primaryImageOfPage\":{\"@id\":\"https:\/\/bojen.rs\/poljoprivredna-proizvodnja\/#primaryimage\"},\"image\":{\"@id\":\"https:\/\/bojen.rs\/poljoprivredna-proizvodnja\/#primaryimage\"},\"thumbnailUrl\":\"https:\/\/bojen.rs\/wp-content\/uploads\/2023\/12\/be2-01.png\",\"datePublished\":\"2022-07-20T07:45:39+00:00\",\"dateModified\":\"2023-12-21T14:19:49+00:00\",\"breadcrumb\":{\"@id\":\"https:\/\/bojen.rs\/poljoprivredna-proizvodnja\/#breadcrumb\"},\"inLanguage\":\"en-GB\",\"potentialAction\":[{\"@type\":\"ReadAction\",\"target\":[\"https:\/\/bojen.rs\/poljoprivredna-proizvodnja\/\"]}]},{\"@type\":\"ImageObject\",\"inLanguage\":\"en-GB\",\"@id\":\"https:\/\/bojen.rs\/poljoprivredna-proizvodnja\/#primaryimage\",\"url\":\"https:\/\/bojen.rs\/wp-content\/uploads\/2023\/12\/be2-01.png\",\"contentUrl\":\"https:\/\/bojen.rs\/wp-content\/uploads\/2023\/12\/be2-01.png\"},{\"@type\":\"BreadcrumbList\",\"@id\":\"https:\/\/bojen.rs\/poljoprivredna-proizvodnja\/#breadcrumb\",\"itemListElement\":[{\"@type\":\"ListItem\",\"position\":1,\"name\":\"\u041f\u043e\u0447\u0435\u0442\u043d\u0430\",\"item\":\"https:\/\/bojen.rs\/\"},{\"@type\":\"ListItem\",\"position\":2,\"name\":\"Poljoprivredna proizvodnja\"}]},{\"@type\":\"WebSite\",\"@id\":\"https:\/\/bojen.rs\/#website\",\"url\":\"https:\/\/bojen.rs\/\",\"name\":\"BOJEN DOO\",\"description\":\"PROIZVODNJA \u010cISTE ENERGIJE SA VIZIJOM\",\"potentialAction\":[{\"@type\":\"SearchAction\",\"target\":{\"@type\":\"EntryPoint\",\"urlTemplate\":\"https:\/\/bojen.rs\/?s={search_term_string}\"},\"query-input\":\"required name=search_term_string\"}],\"inLanguage\":\"en-GB\"}]}<\/script>\n<!-- \/ Yoast SEO plugin. -->","yoast_head_json":{"title":"Poljoprivredna proizvodnja - BOJEN DOO","robots":{"index":"index","follow":"follow","max-snippet":"max-snippet:-1","max-image-preview":"max-image-preview:large","max-video-preview":"max-video-preview:-1"},"canonical":"https:\/\/bojen.rs\/en\/poljoprivredna-proizvodnja\/","og_locale":"en_GB","og_type":"article","og_title":"Poljoprivredna proizvodnja - BOJEN DOO","og_description":"Poljoprivredna proizvodnja BojEn Poljoprivredna proizvodnja Ukupna povr\u0161ina poljoprivrednog zemlji\u0161ta (u svojini ili zakupu) 597 ha Saradnja sa velikim brojem kooperanata sa teritorije juga Srbije Zemlji\u0161te za proizvodnju agroindustrijskih biljaka (kukuruza, sila\u017ee i dr.) Saradnja sa poljoprivrednom \u0161kolom Leskovac","og_url":"https:\/\/bojen.rs\/en\/poljoprivredna-proizvodnja\/","og_site_name":"BOJEN DOO","article_modified_time":"2023-12-21T14:19:49+00:00","og_image":[{"url":"https:\/\/bojen.rs\/wp-content\/uploads\/2023\/12\/be2-01.png"}],"twitter_card":"summary_large_image","schema":{"@context":"https:\/\/schema.org","@graph":[{"@type":"WebPage","@id":"https:\/\/bojen.rs\/poljoprivredna-proizvodnja\/","url":"https:\/\/bojen.rs\/poljoprivredna-proizvodnja\/","name":"Poljoprivredna proizvodnja - BOJEN DOO","isPartOf":{"@id":"https:\/\/bojen.rs\/#website"},"primaryImageOfPage":{"@id":"https:\/\/bojen.rs\/poljoprivredna-proizvodnja\/#primaryimage"},"image":{"@id":"https:\/\/bojen.rs\/poljoprivredna-proizvodnja\/#primaryimage"},"thumbnailUrl":"https:\/\/bojen.rs\/wp-content\/uploads\/2023\/12\/be2-01.png","datePublished":"2022-07-20T07:45:39+00:00","dateModified":"2023-12-21T14:19:49+00:00","breadcrumb":{"@id":"https:\/\/bojen.rs\/poljoprivredna-proizvodnja\/#breadcrumb"},"inLanguage":"en-GB","potentialAction":[{"@type":"ReadAction","target":["https:\/\/bojen.rs\/poljoprivredna-proizvodnja\/"]}]},{"@type":"ImageObject","inLanguage":"en-GB","@id":"https:\/\/bojen.rs\/poljoprivredna-proizvodnja\/#primaryimage","url":"https:\/\/bojen.rs\/wp-content\/uploads\/2023\/12\/be2-01.png","contentUrl":"https:\/\/bojen.rs\/wp-content\/uploads\/2023\/12\/be2-01.png"},{"@type":"BreadcrumbList","@id":"https:\/\/bojen.rs\/poljoprivredna-proizvodnja\/#breadcrumb","itemListElement":[{"@type":"ListItem","position":1,"name":"Po\u010detna","item":"https:\/\/bojen.rs\/"},{"@type":"ListItem","position":2,"name":"Poljoprivredna proizvodnja"}]},{"@type":"WebSite","@id":"https:\/\/bojen.rs\/#website","url":"https:\/\/bojen.rs\/","name":"BOJEN DOO","description":"PROIZVODNJA \u010cISTE ENERGIJE SA VIZIJOM","potentialAction":[{"@type":"SearchAction","target":{"@type":"EntryPoint","urlTemplate":"https:\/\/bojen.rs\/?s={search_term_string}"},"query-input":"required name=search_term_string"}],"inLanguage":"en-GB"}]}},"acf":[],"_links":{"self":[{"href":"https:\/\/bojen.rs\/en\/wp-json\/wp\/v2\/pages\/2145","targetHints":{"allow":["GET"]}}],"collection":[{"href":"https:\/\/bojen.rs\/en\/wp-json\/wp\/v2\/pages"}],"about":[{"href":"https:\/\/bojen.rs\/en\/wp-json\/wp\/v2\/types\/page"}],"author":[{"embeddable":true,"href":"https:\/\/bojen.rs\/en\/wp-json\/wp\/v2\/users\/1"}],"replies":[{"embeddable":true,"href":"https:\/\/bojen.rs\/en\/wp-json\/wp\/v2\/comments?post=2145"}],"version-history":[{"count":15,"href":"https:\/\/bojen.rs\/en\/wp-json\/wp\/v2\/pages\/2145\/revisions"}],"predecessor-version":[{"id":4142,"href":"https:\/\/bojen.rs\/en\/wp-json\/wp\/v2\/pages\/2145\/revisions\/4142"}],"wp:attachment":[{"href":"https:\/\/bojen.rs\/en\/wp-json\/wp\/v2\/media?parent=2145"}],"curies":[{"name":"wp","href":"https:\/\/api.w.org\/{rel}","templated":true}]}}